{"id":19,"date":"2022-04-08T20:56:55","date_gmt":"2022-04-08T20:56:55","guid":{"rendered":"https:\/\/tailwag.progressionstudios.com\/?page_id=19"},"modified":"2024-07-24T20:41:54","modified_gmt":"2024-07-24T18:41:54","slug":"puppies","status":"publish","type":"page","link":"https:\/\/pudeltoypoodlove.pl\/?page_id=19","title":{"rendered":"Hodowla"},"content":{"rendered":"\t\t<div data-elementor-type=\"wp-page\" data-elementor-id=\"19\" class=\"elementor elementor-19\">\n\t\t\t\t\t\t<section class=\"elementor-section elementor-top-section elementor-element elementor-element-53a995f elementor-section-boxed elementor-section-height-default elementor-section-height-default\" data-id=\"53a995f\" data-element_type=\"section\">\n\t\t\t\t\t\t<div class=\"elementor-container elementor-column-gap-default\">\n\t\t\t\t\t<div class=\"elementor-column elementor-col-100 elementor-top-column elementor-element elementor-element-026217f\" data-id=\"026217f\" data-element_type=\"column\">\n\t\t\t<div class=\"elementor-widget-wrap elementor-element-populated\">\n\t\t\t\t\t\t<div class=\"elementor-element elementor-element-aee14d8 elementor-widget elementor-widget-progression-projects-post-list\" data-id=\"aee14d8\" data-element_type=\"widget\" data-widget_type=\"progression-projects-post-list.default\">\n\t\t\t\t<div class=\"elementor-widget-container\">\n\t\t\t\t\n\n\t\n\t<div class=\"progression-studios-elementor-video-post-container\">\n        \n        \n\t\t        \n        \n        \n\t\t<div class=\"progression-masonry-margins\">\n\t\t\t<div id=\"progression-video-index-masonry-aee14d8\">\n\t\t\t\t\t\t\t\t\t\n\t\t\t\t<div class=\"progression-masonry-item \n\t\t\t\t                \n                \"><!-- .progression-masonry-item -->\n\t\t\t\t\t<div class=\"progression-masonry-padding-blog\">\n\t\t\t\t\t\t<div class=\"progression-studios-isotope-animation\">\n\t\t\t\t\t\t\t\n\t\t\t\t\t\t\t<div class=\"tailwag-carousel-item\">\n<div id=\"post-934\" class=\"post-934 pets_tailwag type-pets_tailwag status-publish has-post-thumbnail hentry\">\t\n\t<div class=\"progression-studios-default-projects-index  \">\n        \n\n\t\t            \n\t\t\t\t\n\t\t\t\t\t\t\n\t\t\t\t\n\t\t\t\t\t\t<a href=\"https:\/\/pudeltoypoodlove.pl\/?pets_tailwag=ayla\">\n\t\t\t\t\t\n\t\t\t\t\t\t\t\t\t\t\t\n\t\t\t\t\n\t\t\n\t\t\t<div class=\"progression-studios-projects-feaured-image \">\n                \n                \n\t\t\t\t<img fetchpriority=\"high\" decoding=\"async\" width=\"362\" height=\"270\" src=\"https:\/\/pudeltoypoodlove.pl\/wp-content\/uploads\/2024\/07\/3f477c95-5fd0-4c7f-995d-5ab02a4893d2.jpg\" class=\"attachment-progression_studios_pets size-progression_studios_pets wp-post-image\" alt=\"Ayla - Sunia z naszej hodowli Poodlove\" loading=\"eager\" srcset=\"https:\/\/pudeltoypoodlove.pl\/wp-content\/uploads\/2024\/07\/3f477c95-5fd0-4c7f-995d-5ab02a4893d2.jpg 362w, https:\/\/pudeltoypoodlove.pl\/wp-content\/uploads\/2024\/07\/3f477c95-5fd0-4c7f-995d-5ab02a4893d2-300x224.jpg 300w\" sizes=\"(max-width: 362px) 100vw, 362px\" \/>\t\t\t\t\t\t\t<\/div><!-- close .progression-studios-feaured-image -->\n            <\/a>\n\t\t<!-- close featured thumbnail -->\n\n\n\t\t<div class=\"progression-projects-content\">\n\n\t\t\t\n\t\t\t\t\t\t\n\n\t\t\t<h2 class=\"progression-projects-title\">\n\t\t\t\t\n\t\t\t\t\t\t\n\t\t\t\t\n\t\t\t\t\t\t<a href=\"https:\/\/pudeltoypoodlove.pl\/?pets_tailwag=ayla\">\n\t\t\t\t\t\n\t\t\t\t\t\t\t\t\t\t\t\n\t\t\t\t\n\t\t\nAyla<\/a><\/h2>\n\t\t\t\n\t\t\t\t\n\t\t\t<div class=\"progression-studios-projects-excerpt\">\n\t\t\t\t<p>Ayla to nasza sunia pudel toy, kt\u00f3ra jest z nami ju\u017c od kilku lat. Jest wyj\u0105tkowym cz\u0142onkiem naszej hodowli. Pochodzi od rodowodowych rodzic\u00f3w: Soni i Marco Polo<\/p>\n\t\t\t<\/div><!-- close .progression-studios-projects-excerpt -->\n\t\t\t\t\t\t\n            \n             \t\t\t<a href=\"\" class=\"pet-btn-tailwag\" >Wi\u0119cej...<i class=\"fas fa-long-arrow-alt-right\"><\/i><\/a>\n\t\t\t            \n             \t\t\t\n\t\t\t<div class=\"clearfix-pro\"><\/div>\n\n\t\t<\/div><!-- close .progression-projects-content -->\n\t\n\t\n\t<div class=\"clearfix-pro\"><\/div>\n    \n\t<\/div><!-- close .progression-studios-default-projects-index -->\n<\/div><!-- #post-## -->\n<\/div>\t\t\t\t\t\t\t\n\t\t\t\t\t\t<\/div><!-- close .progression-studios-isotope-animation -->\n\t\t\t\t\t<\/div><!-- close .progression-masonry-padding-blog -->\n\t\t\t\t<\/div><!-- close .progression-masonry-item -->\n\t\t\t\t\t\t\t\t\t\n\t\t\t\t<div class=\"progression-masonry-item \n\t\t\t\t                \n                \"><!-- .progression-masonry-item -->\n\t\t\t\t\t<div class=\"progression-masonry-padding-blog\">\n\t\t\t\t\t\t<div class=\"progression-studios-isotope-animation\">\n\t\t\t\t\t\t\t\n\t\t\t\t\t\t\t<div class=\"tailwag-carousel-item\">\n<div id=\"post-215\" class=\"post-215 pets_tailwag type-pets_tailwag status-publish has-post-thumbnail hentry pets-cat-pudel-toy\">\t\n\t<div class=\"progression-studios-default-projects-index  \">\n        \n\n\t\t            \n\t\t\t\t\n\t\t\t\t\t\t\n\t\t\t\t\n\t\t\t\t\t\t<a href=\"https:\/\/pudeltoypoodlove.pl\/?pets_tailwag=charlie\">\n\t\t\t\t\t\n\t\t\t\t\t\t\t\t\t\t\t\n\t\t\t\t\n\t\t\n\t\t\t<div class=\"progression-studios-projects-feaured-image \">\n                \n                \n\t\t\t\t<img decoding=\"async\" width=\"800\" height=\"600\" src=\"https:\/\/pudeltoypoodlove.pl\/wp-content\/uploads\/2024\/07\/29f848bb-9359-4e38-916e-d3bc3139d592-800x600.jpg\" class=\"attachment-progression_studios_pets size-progression_studios_pets wp-post-image\" alt=\"\" loading=\"eager\" \/>\t\t\t\t\t\t\t<\/div><!-- close .progression-studios-feaured-image -->\n            <\/a>\n\t\t<!-- close featured thumbnail -->\n\n\n\t\t<div class=\"progression-projects-content\">\n\n\t\t\t\n\t\t\t\t\t\t\n\n\t\t\t<h2 class=\"progression-projects-title\">\n\t\t\t\t\n\t\t\t\t\t\t\n\t\t\t\t\n\t\t\t\t\t\t<a href=\"https:\/\/pudeltoypoodlove.pl\/?pets_tailwag=charlie\">\n\t\t\t\t\t\n\t\t\t\t\t\t\t\t\t\t\t\n\t\t\t\t\n\t\t\nSonia<\/a><\/h2>\n\t\t\t\n\t\t\t\t\n\t\t\t<div class=\"progression-studios-projects-excerpt\">\n\t\t\t\t<p>Sonia to wyj\u0105tkowa pudelka toy, kt\u00f3ra urzeka swoim spokojnym charakterem i niezwyk\u0142\u0105 inteligencj\u0105. Pochodz\u0105ca od rodowodowych rodzic\u00f3w Siri i Partenon.<\/p>\n\t\t\t<\/div><!-- close .progression-studios-projects-excerpt -->\n\t\t\t\t\t\t\n            \n                         \n             \t\t\t<a href=\"https:\/\/pudeltoypoodlove.pl\/?pets_tailwag=charlie\" class=\"pet-btn-tailwag\">Wi\u0119cej...<i class=\"fas fa-long-arrow-alt-right\"><\/i><\/a>\n\t\t\t\t\t\t\n\t\t\t<div class=\"clearfix-pro\"><\/div>\n\n\t\t<\/div><!-- close .progression-projects-content -->\n\t\n\t\n\t<div class=\"clearfix-pro\"><\/div>\n    \n\t<\/div><!-- close .progression-studios-default-projects-index -->\n<\/div><!-- #post-## -->\n<\/div>\t\t\t\t\t\t\t\n\t\t\t\t\t\t<\/div><!-- close .progression-studios-isotope-animation -->\n\t\t\t\t\t<\/div><!-- close .progression-masonry-padding-blog -->\n\t\t\t\t<\/div><!-- close .progression-masonry-item -->\n\t\t\t\t\t\t\t\t\t\n\t\t\t\t<div class=\"progression-masonry-item \n\t\t\t\t                \n                \"><!-- .progression-masonry-item -->\n\t\t\t\t\t<div class=\"progression-masonry-padding-blog\">\n\t\t\t\t\t\t<div class=\"progression-studios-isotope-animation\">\n\t\t\t\t\t\t\t\n\t\t\t\t\t\t\t<div class=\"tailwag-carousel-item\">\n<div id=\"post-212\" class=\"post-212 pets_tailwag type-pets_tailwag status-publish has-post-thumbnail hentry pets-cat-pudel-toy\">\t\n\t<div class=\"progression-studios-default-projects-index  \">\n        \n\n\t\t            \n\t\t\t\t\n\t\t\t\t\t\t\n\t\t\t\t\n\t\t\t\t\t\t<a href=\"https:\/\/pudeltoypoodlove.pl\/?pets_tailwag=denise\">\n\t\t\t\t\t\n\t\t\t\t\t\t\t\t\t\t\t\n\t\t\t\t\n\t\t\n\t\t\t<div class=\"progression-studios-projects-feaured-image \">\n                \n                \n\t\t\t\t<img decoding=\"async\" width=\"800\" height=\"600\" src=\"https:\/\/pudeltoypoodlove.pl\/wp-content\/uploads\/2024\/07\/Untitled-design-25-800x600.png\" class=\"attachment-progression_studios_pets size-progression_studios_pets wp-post-image\" alt=\"Pudel toy hodowla fci\" loading=\"eager\" \/>\t\t\t\t\t\t\t<\/div><!-- close .progression-studios-feaured-image -->\n            <\/a>\n\t\t<!-- close featured thumbnail -->\n\n\n\t\t<div class=\"progression-projects-content\">\n\n\t\t\t\n\t\t\t\t\t\t\n\n\t\t\t<h2 class=\"progression-projects-title\">\n\t\t\t\t\n\t\t\t\t\t\t\n\t\t\t\t\n\t\t\t\t\t\t<a href=\"https:\/\/pudeltoypoodlove.pl\/?pets_tailwag=denise\">\n\t\t\t\t\t\n\t\t\t\t\t\t\t\t\t\t\t\n\t\t\t\t\n\t\t\nAmigo<\/a><\/h2>\n\t\t\t\n\t\t\t\t\n\t\t\t<div class=\"progression-studios-projects-excerpt\">\n\t\t\t\t<p>Amigo to uroczy bia\u0142y pudel toy, kt\u00f3ry swoim przyjaznym charakterem z \u0142atwo\u015bci\u0105 zdobywa serca starszych os\u00f3b i dzieci<\/p>\n\t\t\t<\/div><!-- close .progression-studios-projects-excerpt -->\n\t\t\t\t\t\t\n            \n                         \n             \t\t\t<a href=\"https:\/\/pudeltoypoodlove.pl\/?pets_tailwag=denise\" class=\"pet-btn-tailwag\">Wi\u0119cej...<i class=\"fas fa-long-arrow-alt-right\"><\/i><\/a>\n\t\t\t\t\t\t\n\t\t\t<div class=\"clearfix-pro\"><\/div>\n\n\t\t<\/div><!-- close .progression-projects-content -->\n\t\n\t\n\t<div class=\"clearfix-pro\"><\/div>\n    \n\t<\/div><!-- close .progression-studios-default-projects-index -->\n<\/div><!-- #post-## -->\n<\/div>\t\t\t\t\t\t\t\n\t\t\t\t\t\t<\/div><!-- close .progression-studios-isotope-animation -->\n\t\t\t\t\t<\/div><!-- close .progression-masonry-padding-blog -->\n\t\t\t\t<\/div><!-- close .progression-masonry-item -->\n\t\t\t\t\t\t\t<\/div><!-- close #progression-video-index-masonry-aee14d8  -->\n\t\t<\/div><!-- close .progression-masonry-margins -->\n        \n\t\t<div class=\"clearfix-pro\"><\/div>\n\t\t\n\t\t\t\t\n\t\t\t\t<div class=\"tailwag-progression-pagination-elementor\">\n\t\t\t\t\t\t\t\t\t\t\n\t\t\t\t\t\t\t\t\t\t\n\t\t\t\t\t\t\t\t\t\t\t\t\t\t\t\t\n\t\t\t\t\t\t\t\t\t\t\t<\/div>\n                \n                \n                \n    \t<div class=\"clearfix-pro\"><\/div>\n\t\t\n\t<\/div><!-- close .progression-studios-elementor-video-post-container -->\n\t\n    \n\t<script type=\"text\/javascript\">\n\tjQuery(document).ready(function($) {\n\t\t'use strict';\n\t\t\n\t\t\/* Default Isotope Load Code *\/\n\t\tvar $containeraee14d8 = $(\"#progression-video-index-masonry-aee14d8\").isotope();\n\t\t$containeraee14d8.imagesLoaded( function() {\n\t\t\t$(\".progression-masonry-item\").addClass(\"opacity-progression\");\n\t\t\t$containeraee14d8.isotope({\n\t\t\t\titemSelector: \"#progression-video-index-masonry-aee14d8 .progression-masonry-item\",\t\t\t\t\n\t\t\t\tpercentPosition: true,\n\t\t\t\tlayoutMode: \"fitRows\" \n\t \t\t});\n\t\t});\n\t\t\/* END Default Isotope Code *\/\n\t\t\n\n\t\t\t\t  \n\t\t  \n    \t\t\t\t\n    \t\t\/* Begin Infinite Scroll *\/\n    \t\t$containeraee14d8.infinitescroll({\n    \t\terrorCallback: function(){  $(\"#infinite-nav-pro-aee14d8\").delay(500).fadeOut(500, function(){ $(this).remove(); }); },\n    \t\t  navSelector  : \"#infinite-nav-pro-aee14d8\",  \n    \t\t  nextSelector : \"#infinite-nav-pro-aee14d8 .nav-previous a\", \n    \t\t  itemSelector : \"#progression-video-index-masonry-aee14d8 .progression-masonry-item\", \n    \t   \t\tloading: {\n    \t   \t\t \timg: \"https:\/\/pudeltoypoodlove.pl\/wp-content\/themes\/tailwag-progression\/images\/loader.gif\",\n    \t   \t\t\t msgText: \"\",\n    \t   \t\t \tfinishedMsg: \"<div id='no-more-posts'><\/div>\",\n    \t   \t\t \tspeed: 0, }\n    \t\t  },\n    \t\t  \/\/ trigger Isotope as a callback\n    \t\t  function( newElements ) {\n\t\t\t  \n\t\t\t  \n    \t\t    var $newElems = $( newElements );\n \t\n    \t\t\t\t$newElems.imagesLoaded(function(){\n\t\t\t\t\t\n    \t\t\t\t$containeraee14d8.isotope( \"appended\", $newElems );\n    \t\t\t\t$(\".progression-masonry-item\").addClass(\"opacity-progression\");\n\t\t\t\t\n    \t\t\t});\n\n    \t\t  }\n    \t\t);\n    \t    \/* END Infinite Scroll *\/\n    \t\t\t\t\n\t\t\n    \t\t    \t\t\/* PAUSE FOR LOAD MORE *\/\n    \t\t$(window).unbind(\".infscr\");\n    \t\t\/\/ Resume Infinite Scroll\n    \t\t$(\"#infinite-nav-pro-aee14d8 .nav-previous a\").click(function(){\n    \t\t\t$containeraee14d8.infinitescroll(\"retrieve\");\n    \t\t\treturn false;\n    \t\t});\n    \t\t\/* End Infinite Scroll *\/\n    \t\t\t\t\n\t});\n\t<\/script>\n    \n\t\n\n\t\t\n\n    \t\t\t<\/div>\n\t\t\t\t<\/div>\n\t\t\t\t\t<\/div>\n\t\t<\/div>\n\t\t\t\t\t<\/div>\n\t\t<\/section>\n\t\t\t\t<\/div>\n\t\t","protected":false},"excerpt":{"rendered":"<p>Ayla Ayla to nasza sunia pudel toy, kt\u00f3ra jest z nami ju\u017c od kilku lat. Jest wyj\u0105tkowym cz\u0142onkiem naszej hodowli. Kontakt Ayla Ayla to nasza sunia pudel toy, kt\u00f3ra jest z nami ju\u017c od kilku lat. Jest wyj\u0105tkowym cz\u0142onkiem naszej hodowli, znana ze swojego wspania\u0142ego charakteru, inteligencji i niespo\u017cytej energii. Ayla wnosi do naszego domu [&hellip;]<\/p>\n","protected":false},"author":1,"featured_media":0,"parent":0,"menu_order":0,"comment_status":"closed","ping_status":"closed","template":"","meta":{"footnotes":""},"class_list":["post-19","page","type-page","status-publish","hentry"],"_links":{"self":[{"href":"https:\/\/pudeltoypoodlove.pl\/index.php?rest_route=\/wp\/v2\/pages\/19","targetHints":{"allow":["GET"]}}],"collection":[{"href":"https:\/\/pudeltoypoodlove.pl\/index.php?rest_route=\/wp\/v2\/pages"}],"about":[{"href":"https:\/\/pudeltoypoodlove.pl\/index.php?rest_route=\/wp\/v2\/types\/page"}],"author":[{"embeddable":true,"href":"https:\/\/pudeltoypoodlove.pl\/index.php?rest_route=\/wp\/v2\/users\/1"}],"replies":[{"embeddable":true,"href":"https:\/\/pudeltoypoodlove.pl\/index.php?rest_route=%2Fwp%2Fv2%2Fcomments&post=19"}],"version-history":[{"count":15,"href":"https:\/\/pudeltoypoodlove.pl\/index.php?rest_route=\/wp\/v2\/pages\/19\/revisions"}],"predecessor-version":[{"id":1119,"href":"https:\/\/pudeltoypoodlove.pl\/index.php?rest_route=\/wp\/v2\/pages\/19\/revisions\/1119"}],"wp:attachment":[{"href":"https:\/\/pudeltoypoodlove.pl\/index.php?rest_route=%2Fwp%2Fv2%2Fmedia&parent=19"}],"curies":[{"name":"wp","href":"https:\/\/api.w.org\/{rel}","templated":true}]}}